{"id":136,"date":"2024-02-13T11:47:25","date_gmt":"2024-02-13T11:47:25","guid":{"rendered":"https:\/\/rutadeltempranillo.es\/?page_id=136"},"modified":"2024-08-02T08:05:14","modified_gmt":"2024-08-02T08:05:14","slug":"pueblos-de-la-ruta","status":"publish","type":"page","link":"https:\/\/rutadeltempranillo.es\/index.php\/pueblos-de-la-ruta\/","title":{"rendered":"Pueblos de la ruta"},"content":{"rendered":"","protected":false},"excerpt":{"rendered":"","protected":false},"author":1,"featured_media":0,"parent":0,"menu_order":0,"comment_status":"closed","ping_status":"closed","template":"","meta":{"site-sidebar-layout":"default","site-content-layout":"","ast-site-content-layout":"","site-content-style":"default","site-sidebar-style":"default","ast-global-header-display":"","ast-banner-title-visibility":"","ast-main-header-display":"","ast-hfb-above-header-display":"","ast-hfb-below-header-display":"","ast-hfb-mobile-header-display":"","site-post-title":"","ast-breadcrumbs-content":"","ast-featured-img":"","footer-sml-layout":"","theme-transparent-header-meta":"","adv-header-id-meta":"","stick-header-meta":"","header-above-stick-meta":"","header-main-stick-meta":"","header-below-stick-meta":"","astra-migrate-meta-layouts":"default","ast-page-background-enabled":"default","ast-page-background-meta":{"desktop":{"background-color":"var(--ast-global-color-4)","background-image":"","background-repeat":"repeat","background-position":"center center","background-size":"auto","background-attachment":"scroll","background-type":"","background-media":"","overlay-type":"","overlay-color":"","overlay-opacity":"","overlay-gradient":""},"tablet":{"background-color":"","background-image":"","background-repeat":"repeat","background-position":"center center","background-size":"auto","background-attachment":"scroll","background-type":"","background-media":"","overlay-type":"","overlay-color":"","overlay-opacity":"","overlay-gradient":""},"mobile":{"background-color":"","background-image":"","background-repeat":"repeat","background-position":"center center","background-size":"auto","background-attachment":"scroll","background-type":"","background-media":"","overlay-type":"","overlay-color":"","overlay-opacity":"","overlay-gradient":""}},"ast-content-background-meta":{"desktop":{"background-color":"var(--ast-global-color-5)","background-image":"","background-repeat":"repeat","background-position":"center center","background-size":"auto","background-attachment":"scroll","background-type":"","background-media":"","overlay-type":"","overlay-color":"","overlay-opacity":"","overlay-gradient":""},"tablet":{"background-color":"var(--ast-global-color-5)","background-image":"","background-repeat":"repeat","background-position":"center center","background-size":"auto","background-attachment":"scroll","background-type":"","background-media":"","overlay-type":"","overlay-color":"","overlay-opacity":"","overlay-gradient":""},"mobile":{"background-color":"var(--ast-global-color-5)","background-image":"","background-repeat":"repeat","background-position":"center center","background-size":"auto","background-attachment":"scroll","background-type":"","background-media":"","overlay-type":"","overlay-color":"","overlay-opacity":"","overlay-gradient":""}},"footnotes":""},"class_list":["post-136","page","type-page","status-publish","hentry"],"yoast_head":"<!-- This site is optimized with the Yoast SEO plugin v25.1 - https:\/\/yoast.com\/wordpress\/plugins\/seo\/ -->\n<title>Pueblos de la ruta - Rutadeltempranillo<\/title>\n<meta name=\"description\" content=\"Descubre &#039;Nuestros Pueblos&#039; en la Ruta del Tempranillo: una experiencia \u00fanica para explorar pintorescos pueblos, disfrutar de la rica cultura local y degustar exquisitos vinos en una de las regiones vin\u00edcolas m\u00e1s emblem\u00e1ticas. \u00a1Planifica tu visita ahora y sum\u00e9rgete en la tradici\u00f3n y el sabor!\" \/>\n<meta name=\"robots\" content=\"index, follow, max-snippet:-1, max-image-preview:large, max-video-preview:-1\" \/>\n<link rel=\"canonical\" href=\"https:\/\/rutadeltempranillo.es\/index.php\/pueblos-de-la-ruta\/\" \/>\n<meta property=\"og:locale\" content=\"es_ES\" \/>\n<meta property=\"og:type\" content=\"article\" \/>\n<meta property=\"og:title\" content=\"Pueblos de la ruta - Rutadeltempranillo\" \/>\n<meta property=\"og:description\" content=\"Descubre &#039;Nuestros Pueblos&#039; en la Ruta del Tempranillo: una experiencia \u00fanica para explorar pintorescos pueblos, disfrutar de la rica cultura local y degustar exquisitos vinos en una de las regiones vin\u00edcolas m\u00e1s emblem\u00e1ticas. \u00a1Planifica tu visita ahora y sum\u00e9rgete en la tradici\u00f3n y el sabor!\" \/>\n<meta property=\"og:url\" content=\"https:\/\/rutadeltempranillo.es\/index.php\/pueblos-de-la-ruta\/\" \/>\n<meta property=\"og:site_name\" content=\"Rutadeltempranillo\" \/>\n<meta property=\"article:publisher\" content=\"https:\/\/www.facebook.com\/josemariaeltempranillo\/?locale=es_ES\" \/>\n<meta property=\"article:modified_time\" content=\"2024-08-02T08:05:14+00:00\" \/>\n<meta name=\"twitter:card\" content=\"summary_large_image\" \/>\n<meta name=\"twitter:site\" content=\"@jmeltempranillo\" \/>\n<script type=\"application\/ld+json\" class=\"yoast-schema-graph\">{\"@context\":\"https:\/\/schema.org\",\"@graph\":[{\"@type\":\"WebPage\",\"@id\":\"https:\/\/rutadeltempranillo.es\/index.php\/pueblos-de-la-ruta\/\",\"url\":\"https:\/\/rutadeltempranillo.es\/index.php\/pueblos-de-la-ruta\/\",\"name\":\"Pueblos de la ruta - Rutadeltempranillo\",\"isPartOf\":{\"@id\":\"https:\/\/rutadeltempranillo.es\/#website\"},\"datePublished\":\"2024-02-13T11:47:25+00:00\",\"dateModified\":\"2024-08-02T08:05:14+00:00\",\"description\":\"Descubre 'Nuestros Pueblos' en la Ruta del Tempranillo: una experiencia \u00fanica para explorar pintorescos pueblos, disfrutar de la rica cultura local y degustar exquisitos vinos en una de las regiones vin\u00edcolas m\u00e1s emblem\u00e1ticas. \u00a1Planifica tu visita ahora y sum\u00e9rgete en la tradici\u00f3n y el sabor!\",\"breadcrumb\":{\"@id\":\"https:\/\/rutadeltempranillo.es\/index.php\/pueblos-de-la-ruta\/#breadcrumb\"},\"inLanguage\":\"es\",\"potentialAction\":[{\"@type\":\"ReadAction\",\"target\":[\"https:\/\/rutadeltempranillo.es\/index.php\/pueblos-de-la-ruta\/\"]}]},{\"@type\":\"BreadcrumbList\",\"@id\":\"https:\/\/rutadeltempranillo.es\/index.php\/pueblos-de-la-ruta\/#breadcrumb\",\"itemListElement\":[{\"@type\":\"ListItem\",\"position\":1,\"name\":\"Portada\",\"item\":\"https:\/\/rutadeltempranillo.es\/\"},{\"@type\":\"ListItem\",\"position\":2,\"name\":\"Pueblos de la ruta\"}]},{\"@type\":\"WebSite\",\"@id\":\"https:\/\/rutadeltempranillo.es\/#website\",\"url\":\"https:\/\/rutadeltempranillo.es\/\",\"name\":\"Rutadeltempranillo\",\"description\":\"Destino Tur\u00edstico Tierras de Jos\u00e9 Mar\u00eda el Tempranillo\",\"publisher\":{\"@id\":\"https:\/\/rutadeltempranillo.es\/#organization\"},\"potentialAction\":[{\"@type\":\"SearchAction\",\"target\":{\"@type\":\"EntryPoint\",\"urlTemplate\":\"https:\/\/rutadeltempranillo.es\/?s={search_term_string}\"},\"query-input\":{\"@type\":\"PropertyValueSpecification\",\"valueRequired\":true,\"valueName\":\"search_term_string\"}}],\"inLanguage\":\"es\"},{\"@type\":\"Organization\",\"@id\":\"https:\/\/rutadeltempranillo.es\/#organization\",\"name\":\"Fundaci\u00f3n para el Desarrollo de los Pueblos de Tierras de Jos\u00e9 Mar\u00eda El Tempranillo\",\"url\":\"https:\/\/rutadeltempranillo.es\/\",\"logo\":{\"@type\":\"ImageObject\",\"inLanguage\":\"es\",\"@id\":\"https:\/\/rutadeltempranillo.es\/#\/schema\/logo\/image\/\",\"url\":\"http:\/\/rutadeltempranillo.es\/wp-content\/uploads\/2024\/02\/Logo-Ruta-del-Tempranillo.png\",\"contentUrl\":\"http:\/\/rutadeltempranillo.es\/wp-content\/uploads\/2024\/02\/Logo-Ruta-del-Tempranillo.png\",\"width\":650,\"height\":325,\"caption\":\"Fundaci\u00f3n para el Desarrollo de los Pueblos de Tierras de Jos\u00e9 Mar\u00eda El Tempranillo\"},\"image\":{\"@id\":\"https:\/\/rutadeltempranillo.es\/#\/schema\/logo\/image\/\"},\"sameAs\":[\"https:\/\/www.facebook.com\/josemariaeltempranillo\/?locale=es_ES\",\"https:\/\/x.com\/jmeltempranillo\",\"https:\/\/www.instagram.com\/jmeltempranillo\/\"]}]}<\/script>\n<!-- \/ Yoast SEO plugin. -->","yoast_head_json":{"title":"Pueblos de la ruta - Rutadeltempranillo","description":"Descubre 'Nuestros Pueblos' en la Ruta del Tempranillo: una experiencia \u00fanica para explorar pintorescos pueblos, disfrutar de la rica cultura local y degustar exquisitos vinos en una de las regiones vin\u00edcolas m\u00e1s emblem\u00e1ticas. \u00a1Planifica tu visita ahora y sum\u00e9rgete en la tradici\u00f3n y el sabor!","robots":{"index":"index","follow":"follow","max-snippet":"max-snippet:-1","max-image-preview":"max-image-preview:large","max-video-preview":"max-video-preview:-1"},"canonical":"https:\/\/rutadeltempranillo.es\/index.php\/pueblos-de-la-ruta\/","og_locale":"es_ES","og_type":"article","og_title":"Pueblos de la ruta - Rutadeltempranillo","og_description":"Descubre 'Nuestros Pueblos' en la Ruta del Tempranillo: una experiencia \u00fanica para explorar pintorescos pueblos, disfrutar de la rica cultura local y degustar exquisitos vinos en una de las regiones vin\u00edcolas m\u00e1s emblem\u00e1ticas. \u00a1Planifica tu visita ahora y sum\u00e9rgete en la tradici\u00f3n y el sabor!","og_url":"https:\/\/rutadeltempranillo.es\/index.php\/pueblos-de-la-ruta\/","og_site_name":"Rutadeltempranillo","article_publisher":"https:\/\/www.facebook.com\/josemariaeltempranillo\/?locale=es_ES","article_modified_time":"2024-08-02T08:05:14+00:00","twitter_card":"summary_large_image","twitter_site":"@jmeltempranillo","schema":{"@context":"https:\/\/schema.org","@graph":[{"@type":"WebPage","@id":"https:\/\/rutadeltempranillo.es\/index.php\/pueblos-de-la-ruta\/","url":"https:\/\/rutadeltempranillo.es\/index.php\/pueblos-de-la-ruta\/","name":"Pueblos de la ruta - Rutadeltempranillo","isPartOf":{"@id":"https:\/\/rutadeltempranillo.es\/#website"},"datePublished":"2024-02-13T11:47:25+00:00","dateModified":"2024-08-02T08:05:14+00:00","description":"Descubre 'Nuestros Pueblos' en la Ruta del Tempranillo: una experiencia \u00fanica para explorar pintorescos pueblos, disfrutar de la rica cultura local y degustar exquisitos vinos en una de las regiones vin\u00edcolas m\u00e1s emblem\u00e1ticas. \u00a1Planifica tu visita ahora y sum\u00e9rgete en la tradici\u00f3n y el sabor!","breadcrumb":{"@id":"https:\/\/rutadeltempranillo.es\/index.php\/pueblos-de-la-ruta\/#breadcrumb"},"inLanguage":"es","potentialAction":[{"@type":"ReadAction","target":["https:\/\/rutadeltempranillo.es\/index.php\/pueblos-de-la-ruta\/"]}]},{"@type":"BreadcrumbList","@id":"https:\/\/rutadeltempranillo.es\/index.php\/pueblos-de-la-ruta\/#breadcrumb","itemListElement":[{"@type":"ListItem","position":1,"name":"Portada","item":"https:\/\/rutadeltempranillo.es\/"},{"@type":"ListItem","position":2,"name":"Pueblos de la ruta"}]},{"@type":"WebSite","@id":"https:\/\/rutadeltempranillo.es\/#website","url":"https:\/\/rutadeltempranillo.es\/","name":"Rutadeltempranillo","description":"Destino Tur\u00edstico Tierras de Jos\u00e9 Mar\u00eda el Tempranillo","publisher":{"@id":"https:\/\/rutadeltempranillo.es\/#organization"},"potentialAction":[{"@type":"SearchAction","target":{"@type":"EntryPoint","urlTemplate":"https:\/\/rutadeltempranillo.es\/?s={search_term_string}"},"query-input":{"@type":"PropertyValueSpecification","valueRequired":true,"valueName":"search_term_string"}}],"inLanguage":"es"},{"@type":"Organization","@id":"https:\/\/rutadeltempranillo.es\/#organization","name":"Fundaci\u00f3n para el Desarrollo de los Pueblos de Tierras de Jos\u00e9 Mar\u00eda El Tempranillo","url":"https:\/\/rutadeltempranillo.es\/","logo":{"@type":"ImageObject","inLanguage":"es","@id":"https:\/\/rutadeltempranillo.es\/#\/schema\/logo\/image\/","url":"http:\/\/rutadeltempranillo.es\/wp-content\/uploads\/2024\/02\/Logo-Ruta-del-Tempranillo.png","contentUrl":"http:\/\/rutadeltempranillo.es\/wp-content\/uploads\/2024\/02\/Logo-Ruta-del-Tempranillo.png","width":650,"height":325,"caption":"Fundaci\u00f3n para el Desarrollo de los Pueblos de Tierras de Jos\u00e9 Mar\u00eda El Tempranillo"},"image":{"@id":"https:\/\/rutadeltempranillo.es\/#\/schema\/logo\/image\/"},"sameAs":["https:\/\/www.facebook.com\/josemariaeltempranillo\/?locale=es_ES","https:\/\/x.com\/jmeltempranillo","https:\/\/www.instagram.com\/jmeltempranillo\/"]}]}},"_links":{"self":[{"href":"https:\/\/rutadeltempranillo.es\/index.php\/wp-json\/wp\/v2\/pages\/136","targetHints":{"allow":["GET"]}}],"collection":[{"href":"https:\/\/rutadeltempranillo.es\/index.php\/wp-json\/wp\/v2\/pages"}],"about":[{"href":"https:\/\/rutadeltempranillo.es\/index.php\/wp-json\/wp\/v2\/types\/page"}],"author":[{"embeddable":true,"href":"https:\/\/rutadeltempranillo.es\/index.php\/wp-json\/wp\/v2\/users\/1"}],"replies":[{"embeddable":true,"href":"https:\/\/rutadeltempranillo.es\/index.php\/wp-json\/wp\/v2\/comments?post=136"}],"version-history":[{"count":1,"href":"https:\/\/rutadeltempranillo.es\/index.php\/wp-json\/wp\/v2\/pages\/136\/revisions"}],"predecessor-version":[{"id":137,"href":"https:\/\/rutadeltempranillo.es\/index.php\/wp-json\/wp\/v2\/pages\/136\/revisions\/137"}],"wp:attachment":[{"href":"https:\/\/rutadeltempranillo.es\/index.php\/wp-json\/wp\/v2\/media?parent=136"}],"curies":[{"name":"wp","href":"https:\/\/api.w.org\/{rel}","templated":true}]}}